{"id":8671,"date":"2024-03-13T23:00:18","date_gmt":"2024-03-13T22:00:18","guid":{"rendered":"http:\/\/localhost\/gduaso\/politica-privacitat\/"},"modified":"2024-05-30T14:44:04","modified_gmt":"2024-05-30T12:44:04","slug":"politica-de-privacidad","status":"publish","type":"page","link":"https:\/\/gemmaduaso.cat\/es\/politica-de-privacidad\/","title":{"rendered":"Pol\u00edtica de privacidad"},"content":{"rendered":"\n<h2 class=\"wp-block-heading\">Nuestra pol\u00edtica<\/h2>\n\n\n\n<p>En cumplimiento del Cap\u00edtulo II de la ley 34\/2002, LSSICE, les informamos que la presente p\u00e1gina web es propiedad de <strong>Gemma Duaso Saludas<\/strong>, en adelante tambi\u00e9n la Prestadora, domiciliada en Carrer Anselm Clav\u00e9, 9-11, 2n 1a 08401 Granollers, tel\u00e9fono de contacto: 686236169, y email: gemmads@copc.cat.<\/p>\n\n\n\n<p><strong>Gemma Duaso<\/strong>, como responsable del presente Sitio Web y de conformidad con lo dispuesto en la normativa vigente en materia de protecci\u00f3n de datos personales, el Reglamento (UE) 2016\/679 de 27 de abril de 2016 (RGPD) relativo a la protecci\u00f3n de las personas f\u00edsicas en cuanto al tratamiento de datos personales ya la libre circulaci\u00f3n de estos datos, la Ley Org\u00e1nica 15\/1999, de 13 de diciembre, de Protecci\u00f3n de Datos de Car\u00e1cter Personal (LOPD) y por la Ley 34\/2002, de 11 de julio, de Servicios de la Sociedad de la Informaci\u00f3n y del Comercio Electr\u00f3nico (LSSICE), tiene implementadas todas las medidas de seguridad, de \u00edndole t\u00e9cnica y organizativas, establecidas en el Real Decreto 1720\/2007 de 21 de Diciembre, (que desarrolla la LOPD) para garantizar y proteger la confidencialidad, integridad y disponibilidad de los datos introducidos.<br>A efectos de lo previsto en la LOPD, <strong>Gemma Duaso<\/strong> le informa que los datos que voluntariamente nos est\u00e1 facilitando ser\u00e1n incorporados a nuestros sistemas de informaci\u00f3n para realizar las gestiones comerciales y administrativas necesarias con los usuarios de la web; Las operaciones previstas para realizar los tratamientos son los siguientes: responder a las consultas y\/o proporcionar informaciones requeridas por el Usuario; realizar las prestaciones de servicios y\/o productos contratados o suscritos por el Usuario; realizar todas aquellas actividades propias de <strong>Gemma Duaso<\/strong> por el presente aviso legal rese\u00f1adas y remitir el bolet\u00edn de noticias de la p\u00e1gina web.<br>El firmante garantiza la veracidad de los datos aportados y se compromete a comunicar cualquier cambio que se produzca.<\/p>\n\n\n\n<p>La Prestadora, mediante asterisco (*) en las casillas correspondientes del formulario de contacto, le informa de esta obligatoriedad al Usuario, indicando qu\u00e9 datos son necesarios. Mediante la indicaci\u00f3n e introducci\u00f3n de los datos, el Usuario otorga el consentimiento inequ\u00edvoco a <strong>Gemma Duaso<\/strong> para que proceda al tratamiento de los datos facilitados en pro de los fines citados.<br>No facilitar los datos personales solicitados o no aceptar esta pol\u00edtica de protecci\u00f3n de datos supone la imposibilidad de suscribirse, registrarse o recibir informaci\u00f3n de los productos y servicios de la prestamista.<br>De conformidad con lo dispuesto en las normativas vigentes en protecci\u00f3n de datos personales, la prestadora est\u00e1 cumpliendo todas las disposiciones de las normativas RGPD y LOPD para el tratamiento de los datos personales de su responsabilidad, y manifiestamente con los principios descritos en el art . 5 del RGPD y el art. 4 de la LOPD, por los que son tratados de forma l\u00edcita, leal y transparente en relaci\u00f3n con el interesado y adecuadas, pertinentes y limitados a lo necesario en relaci\u00f3n con los fines para los que son tratados.<\/p>\n\n\n\n<p>El RESPONSABLE garantiza que ha implementado pol\u00edticas t\u00e9cnicas y organizativas apropiadas para aplicar las medidas de seguridad establecidas por el RGPD y la LOPD para proteger los derechos y libertades de los Usuarios.<br>De acuerdo con estas normativas, pues, le informamos que tiene derecho a solicitar el acceso, rectificaci\u00f3n, portabilidad y supresi\u00f3n de sus datos y la limitaci\u00f3n y oposici\u00f3n a su tratamiento dirigi\u00e9ndose a calle Av Sant Jeroni, 15, 2-1,08105 Sant Fost de Campsentelles, enviando un correo electr\u00f3nico a gemmads@copc.cat, indicando como Asunto: \u201cLOPD, Derechos ARCO\u201d, y adjuntando fotocopia de su DNI o cualquier medio an\u00e1logo en derecho, tal y como indica la ley. Tiene derecho a retirar el consentimiento prestado en cualquier momento. La retirada del consentimiento no afecta a la licitud del tratamiento efectuado antes de la retirada del consentimiento. Tambi\u00e9n tiene derecho a presentar una reclamaci\u00f3n ante la autoridad de control si considera que sus derechos se han visto vulnerados en relaci\u00f3n a la protecci\u00f3n de sus datos (agpd.es).<\/p>\n\n\n\n<h2 class=\"wp-block-heading\">Confidencialidad y cesi\u00f3n de datos a terceros<\/h2>\n\n\n\n<p>Los datos que nos facilite se tratar\u00e1n de forma confidencial. La prestamista ha adoptado todas las medidas t\u00e9cnicas y organizativas y todos los niveles de protecci\u00f3n necesarios para garantizar la seguridad en el tratamiento de los datos y evitar su alteraci\u00f3n, p\u00e9rdida, robo, tratamiento o acceso no autorizado, de acuerdo al estado de la tecnolog\u00eda y naturaleza de los datos almacenados. Asimismo, se garantiza tambi\u00e9n que el tratamiento y registro en ficheros, programas, sistemas o equipos, locales y centros cumplen los requisitos y condiciones de integridad y seguridad establecidas en la normativa vigente.<\/p>\n\n\n\n<p><strong>Gemma Duaso<\/strong> no ceder\u00e1 los datos personales a terceros, salvo por obligaci\u00f3n legal. No obstante, en caso de ser cedidos a alg\u00fan tercero se producir\u00eda una informaci\u00f3n previa solicitando el consentimiento expreso para esta cesi\u00f3n. La entidad responsable de la base de datos, as\u00ed como los que intervengan en cualquier fase del tratamiento y\/o las entidades a las que se les haya comunicado -en todo caso siempre con la correspondiente autorizaci\u00f3n otorgada por el usuario-, est\u00e1n obligadas a observar el secreto profesional ya la adopci\u00f3n de los niveles de protecci\u00f3n y las medidas t\u00e9cnicas y organizativas necesarias a su alcance para garantizar la seguridad de los datos de car\u00e1cter personal, evitando, en la medida de lo posible, accesos no autorizados, modificaciones il\u00edcitas , sustracciones y\/o la p\u00e9rdida de los datos, a fin de procurar el correspondiente nivel de seguridad de los ficheros del Prestador, seg\u00fan la naturaleza y sensibilidad de los datos facilitados por los usuarios del presente Sitio Web.<\/p>\n\n\n\n<h2 class=\"wp-block-heading\">Aceptaci\u00f3n y consentimiento<\/h2>\n\n\n\n<p>El Usuario declara haber sido informado de las condiciones sobre protecci\u00f3n de datos de car\u00e1cter personal, aceptando y consintiendo su tratamiento automatizado por parte de <strong>Gemma Duaso<\/strong> en la forma y para las finalidades indicadas en esta Pol\u00edtica de Protecci\u00f3n de Datos Personales.<\/p>\n\n\n\n<p>A trav\u00e9s de esta Pol\u00edtica de Privacidad le informamos que las fotograf\u00edas que est\u00e9n colgadas en la web son propiedad de <strong>Gemma Duaso<\/strong>, incluyendo las de los menores, en las que, para la obtenci\u00f3n de \u00e9stas, se ha obtenido el consentimiento previo de los padres, tutores o representantes legales mediante la firma de los formularios realizados al efecto por los centros en los que los menores forman parte. No obstante, los padres, tutores o representantes de los menores, como titulares del ejercicio de los derechos de \u00e9stos, y siempre previo requerimiento formal por escrito, pueden indicar la negativa al uso de la imagen del menor; en este caso, la imagen se mostrar\u00e1 pixelada.<\/p>\n\n\n\n<h2 class=\"wp-block-heading\">Exactitud y veracidad de los datos<\/h2>\n\n\n\n<p>El usuario es el \u00fanico responsable de la veracidad y correcci\u00f3n de los datos que remita a <strong>Gemma Duaso<\/strong>, exonerando a la Prestadora de cualquier responsabilidad al respecto. Los usuarios garantizan y responden, en cualquier caso, de la exactitud, vigencia y autenticidad de los datos personales facilitados, comprometi\u00e9ndose a mantenerlos debidamente actualizados. El usuario acepta proporcionar informaci\u00f3n completa y correcta en el formulario de registro o suscripci\u00f3n.<\/p>\n\n\n\n<h2 class=\"wp-block-heading\">Contenido de la web y enlaces<\/h2>\n\n\n\n<p><strong>Gemma Duaso<\/strong> se reserva el derecho a actualizar, modificar o eliminar la informaci\u00f3n contenida en la web, pudiendo incluso limitar o no permitir el acceso a la informaci\u00f3n .<\/p>\n\n\n\n<p><strong>Gemma Duaso<\/strong> no asume ning\u00fan tipo de responsabilidad por la informaci\u00f3n contenida en las Webs de terceros a las que se pueda acceder por los \u00ablinks\u00bb o enlaces desde cualquier p\u00e1gina Web propiedad de la Prestadora.<\/p>\n\n\n\n<p>La presencia de \u00ablinks\u00bb o enlaces s\u00f3lo tienen finalidad informativa y en ning\u00fan caso supone ninguna sugerencia, invitaci\u00f3n o reconocimiento sobre los mismos.<\/p>\n\n\n\n<h2 class=\"wp-block-heading\">Suscripci\u00f3n al Blog de Gemma Duaso<\/h2>\n\n\n\n<p>En caso de que el usuario se suscriba al blog, le informamos que los datos aportados ser\u00e1n tratados para gestionar su suscripci\u00f3n al blog informativo con aviso de actualizaci\u00f3n y que se conservar\u00e1n mientras haya un inter\u00e9s mutuo por mantener el fin del tratamiento. Cuando ya no sea necesario para tal fin, se suprimir\u00e1n con medidas de seguridad adecuadas para garantizar la pseudonimizaci\u00f3n de los datos o destrucci\u00f3n total de los datos. No se comunicar\u00e1n los datos a terceros, salvo obligaci\u00f3n legal.<\/p>\n\n\n\n<h2 class=\"wp-block-heading\">Publicaci\u00f3n de su testimonio<\/h2>\n\n\n\n<p>En caso de que el usuario quiera publicar su opini\u00f3n en la web, le informamos que los datos aportados ser\u00e1n tratados ser\u00e1n para atender las sugerencias propuestas, experiencias u opiniones respecto de los productos y\/o servicios para ser publicados en la p\u00e1gina web y as\u00ed poder ayudar a otros usuarios. Los datos se conservar\u00e1n mientras exista un inter\u00e9s mutuo por mantener el fin del tratamiento y cuando ya no sea necesario para este fin, se suprimir\u00e1n con medidas de seguridad adecuadas para garantizar la pseudonimizaci\u00f3n de los datos o destrucci\u00f3n total de \u00e9stos. Los testigos se publicar\u00e1n en nuestra p\u00e1gina web. El \u00fanico dato personal que se publicar\u00e1 del testigo ser\u00e1 su nombre.<\/p>\n\n\n\n<h2 class=\"wp-block-heading\">Canvis a la presente pol\u00edtica de privacidad<\/h2>\n\n\n\n<p><strong>Gemma Duaso<\/strong> se reserva el derecho a modificar esta pol\u00edtica para adaptarla a novedades legislativas o jurisprudenciales.<\/p>\n\n\n\n<h2 class=\"wp-block-heading\">Correos comerciales<\/h2>\n\n\n\n<p>De acuerdo con la LSSICE, <strong>Gemma Duaso<\/strong> no hace pr\u00e1cticas de SPAM, por tanto, no env\u00eda correos comerciales por correo electr\u00f3nico que no hayan sido previamente solicitados o autorizados por el Usuario. En consecuencia, en cada uno de los formularios de la P\u00e1gina Web, el Usuario tiene la posibilidad de dar su consentimiento expreso para recibir nuestro Bolet\u00edn, con independencia de la informaci\u00f3n comercial puntualmente solicitada.<\/p>\n\n\n\n<h2 class=\"wp-block-heading\">Legislaci\u00f3n<\/h2>\n\n\n\n<p>Con car\u00e1cter general las relaciones entre <strong>Gemma Duaso<\/strong> con los Usuarios de sus servicios telem\u00e1ticos, presentes en esta Web, est\u00e1n sometidos a la legislaci\u00f3n y jurisdicci\u00f3n espa\u00f1ola a la que se someten expresamente las partes, siendo competentes por la resoluci\u00f3n de todos los conflictos derivados o relacionados con su uso los juzgados y tribunales de Barcelona.<\/p>\n","protected":false},"excerpt":{"rendered":"<p>Nuestra pol\u00edtica En cumplimiento del Cap\u00edtulo II de la ley 34\/2002, LSSICE, les informamos que la presente p\u00e1gina web es propiedad de Gemma Duaso Saludas, en adelante tambi\u00e9n la Prestadora, domiciliada en Carrer Anselm Clav\u00e9, 9-11, 2n 1a 08401 Granollers, tel\u00e9fono de contacto: 686236169, y email: gemmads@copc.cat. Gemma Duaso, como responsable del presente Sitio Web &hellip; <a href=\"https:\/\/gemmaduaso.cat\/es\/politica-de-privacidad\/\" class=\"more-link\">Continue reading <span class=\"screen-reader-text\">Pol\u00edtica de privacidad<\/span><\/a><\/p>\n","protected":false},"author":1,"featured_media":0,"parent":0,"menu_order":0,"comment_status":"closed","ping_status":"closed","template":"","meta":{"footnotes":""},"class_list":["post-8671","page","type-page","status-publish","hentry"],"aioseo_notices":[],"_links":{"self":[{"href":"https:\/\/gemmaduaso.cat\/es\/wp-json\/wp\/v2\/pages\/8671","targetHints":{"allow":["GET"]}}],"collection":[{"href":"https:\/\/gemmaduaso.cat\/es\/wp-json\/wp\/v2\/pages"}],"about":[{"href":"https:\/\/gemmaduaso.cat\/es\/wp-json\/wp\/v2\/types\/page"}],"author":[{"embeddable":true,"href":"https:\/\/gemmaduaso.cat\/es\/wp-json\/wp\/v2\/users\/1"}],"replies":[{"embeddable":true,"href":"https:\/\/gemmaduaso.cat\/es\/wp-json\/wp\/v2\/comments?post=8671"}],"version-history":[{"count":3,"href":"https:\/\/gemmaduaso.cat\/es\/wp-json\/wp\/v2\/pages\/8671\/revisions"}],"predecessor-version":[{"id":8821,"href":"https:\/\/gemmaduaso.cat\/es\/wp-json\/wp\/v2\/pages\/8671\/revisions\/8821"}],"wp:attachment":[{"href":"https:\/\/gemmaduaso.cat\/es\/wp-json\/wp\/v2\/media?parent=8671"}],"curies":[{"name":"wp","href":"https:\/\/api.w.org\/{rel}","templated":true}]}}