{"id":8666,"date":"2024-03-28T12:06:32","date_gmt":"2024-03-28T11:06:32","guid":{"rendered":"http:\/\/localhost\/gduaso\/avis-legal\/"},"modified":"2024-05-30T14:43:30","modified_gmt":"2024-05-30T12:43:30","slug":"aviso-legal","status":"publish","type":"page","link":"https:\/\/gemmaduaso.cat\/es\/aviso-legal\/","title":{"rendered":"Aviso legal y condiciones de uso del portal"},"content":{"rendered":"\n<p>Para dar cumplimiento al art\u00edculo 10 de la Ley 34\/2002 de Servicios de la Sociedad de la Informaci\u00f3n y del Comercio Electr\u00f3nico, informamos a los usuarios de nuestros datos:<\/p>\n\n\n\n<p>Denominaci\u00f3n Social: Gemma Duaso Saludas<\/p>\n\n\n\n<p>Domicilio Social: Carrer Anselm Clav\u00e9, 9-11, 2n 1a 08401 Granollers<\/p>\n\n\n\n<p>CIF:<\/p>\n\n\n\n<p>Tel\u00e9fono: 686216169<\/p>\n\n\n\n<p>E-Mail: gemmads@copc.cat<\/p>\n\n\n\n<p>Sitio Web: gemmaduaso.cat<\/p>\n\n\n\n<p>Datos Registrales:<\/p>\n\n\n\n<p>Actividad Reglada:<\/p>\n\n\n\n<p>Colegio Profesional:<\/p>\n\n\n\n<p>N\u00ba Colegiado\/a: 17089<\/p>\n\n\n\n<p>T\u00edtulo Acad\u00e9mico:<\/p>\n\n\n\n<p>Estado Expedici\u00f3n:<\/p>\n\n\n\n<h2 class=\"wp-block-heading\">1- Objeto<\/h2>\n\n\n\n<p><strong>Gemma Duaso Saludas<\/strong> (en adelante tambi\u00e9n la prestadora) como responsable del sitio web, pone a disposici\u00f3n de los usuarios este documento, que regula el uso del sitio web gemmaduaso.cat, con el que pretendemos dar cumplimiento a las obligaciones que dispone la Ley 34\/2002, de Servicios de la Sociedad de la Informaci\u00f3n y del Comercio Electr\u00f3nico (LSSICE o LSSI), as\u00ed como informar a todos los usuarios del sitio web respecto de cu\u00e1les son las condiciones de uso del sitio web .<\/p>\n\n\n\n<p>A trav\u00e9s de la web, <strong>Gemma Duaso<\/strong> facilita a los usuarios el acceso y utilizaci\u00f3n de diferentes servicios y contenidos puestos a disposici\u00f3n a trav\u00e9s de la web.<\/p>\n\n\n\n<p>Toda persona que acceda a esta web asume el papel de usuario (en adelante el usuario), e implica la aceptaci\u00f3n total y sin reservas de todas y cada una de las disposiciones incluidas en este aviso legal, as\u00ed como cualquier otra disposici\u00f3n legal que fuera de aplicaci\u00f3n.<br>Como usuarios, deben leer atentamente este Aviso Legal en cualquiera de las ocasiones que entren en la web, ya que \u00e9sta puede sufrir modificaciones ya que la prestadora se reserva el derecho a modificar cualquier tipo de informaci\u00f3n que pudiera aparecer en la web, sin que exista la obligaci\u00f3n de preavisar o poner en conocimiento de los usuarios estas obligaciones, bastando la publicaci\u00f3n en el sitio web de la prestadora.<\/p>\n\n\n\n<h2 class=\"wp-block-heading\">2- Condiciones de acceso y uso de la web<\/h2>\n\n\n\n<h3 class=\"wp-block-heading\">2.1 Car\u00e1cter gratuito del acceso y uso de la web<\/h3>\n\n\n\n<p>La prestaci\u00f3n de los servicios por parte de <strong>Gemma Duaso<\/strong> tiene car\u00e1cter gratuito para todos los usuarios. Sin embargo, algunos de los servicios suministrados por la prestadora a trav\u00e9s de la web est\u00e1n sujetos al pago de un precio determinado en las condiciones generales de contrataci\u00f3n.<\/p>\n\n\n\n<h3 class=\"wp-block-heading\">2.2 Registro de usuarios<\/h3>\n\n\n\n<p>A todos los efectos, la prestaci\u00f3n de los servicios no exige la previa suscripci\u00f3n o registro de los usuarios. Sin embargo, <strong>Gemma Duaso<\/strong> condiciona el uso de algunos de los servicios a la complementaci\u00f3n previa del correspondiente registro de usuario. Este registro se efectuar\u00e1 en la forma expresamente indicada en la propia secci\u00f3n del servicio.<\/p>\n\n\n\n<h3 class=\"wp-block-heading\">2.3 Veracidad de la informaci\u00f3n<\/h3>\n\n\n\n<p>Toda la informaci\u00f3n que facilita el usuario debe ser veraz. A estos efectos, el usuario garantiza la autenticidad de los datos comunicados a trav\u00e9s de los formularios para la suscripci\u00f3n de los servicios. Ser\u00e1 responsabilidad del Usuario mantener toda la informaci\u00f3n facilitada a <strong>Gemma Duaso<\/strong> permanentemente actualizada de forma que responda, en todo momento, a su situaci\u00f3n real. En todo caso, el Usuario ser\u00e1 el \u00fanico responsable de las manifestaciones falsas o inexactas que realice y de los perjuicios que cause la prestamista o terceros.<\/p>\n\n\n\n<h3 class=\"wp-block-heading\">2.4 Menores de edad<\/h3>\n\n\n\n<p>Para el uso de los servicios, los menores de edad deben obtener siempre previamente el consentimiento de los padres, tutores o representantes legales, responsables \u00faltimos de todos los actos realizados por los menores a su cargo. La responsabilidad en la determinaci\u00f3n de contenidos concretos a los que acceden los menores corresponde a aquellos, por lo que si acceden a contenidos no apropiados por Internet, deber\u00e1n establecerse en sus ordenadores mecanismos, en particular programas inform\u00e1ticos, filtros y bloqueos, que permitan limitar los contenidos disponibles y, aunque no sean infalibles, son de especial utilidad para controlar y restringir los materiales a los que pueden acceder los menores.<\/p>\n\n\n\n<h3 class=\"wp-block-heading\">2.5 Obligaci\u00f3n de hacer un uso correcto de la web<\/h3>\n\n\n\n<p>El Usuario se compromete a utilizar la Web de conformidad a la Ley y al presente Aviso Legal, as\u00ed como a la moral ya las buenas costumbres. A tal efecto, el Usuario se abstendr\u00e1 de utilizar la p\u00e1gina con fines il\u00edcitos o prohibidos, lesivos de derechos e intereses de terceros, o que de cualquier modo puedan da\u00f1ar, inutilizar, sobrecargar, deteriorar o impedir la utilizaci\u00f3n normal de equipos inform\u00e1ticos o documentos, archivos y todo tipo de contenidos almacenados en cualquier equipo inform\u00e1tico de la prestadora.<\/p>\n\n\n\n<p>En particular, ya t\u00edtulo indicativo pero no exhaustivo, el Usuario se compromete a no transmitir, difundir o poner a disposici\u00f3n de terceros informaciones, datos, contenidos, mensajes, gr\u00e1ficos, dibujos, archivos de sonido o imagen, fotograf\u00edas, grabaciones, software y , en general, cualquier clase de material que:<\/p>\n\n\n\n<p><strong>(a)<\/strong> Sea contraria, desprecia o atente contra los derechos fundamentales y las libertades p\u00fablicas reconocidas constitucionalmente, en tratados internacionales y otras normas vigentes;<br><strong>(b)<\/strong> Induzca, incite o promueva actuaciones delictivas, denigrantes, difamatorias, violentas o, en general, contrarias a la ley, a la moral y al orden p\u00fablico;<br><strong>(c)<\/strong> Induzca, incite o promueva actuaciones, actitudes o pensamientos discriminatorios por raz\u00f3n de sexo, raza, religi\u00f3n, creencias, edad o condici\u00f3n;<br><strong>(d)<\/strong> Sea contrario al derecho al honor, a la intimidad personal o familiar oa la propia imagen de las personas;<br><strong>(e)<\/strong> De cualquier modo perjudique la credibilidad de la prestamista o de terceros; y<br><strong>(f)<\/strong> Constituya publicidad il\u00edcita, enga\u00f1osa o desleal.<\/p>\n\n\n\n<h2 class=\"wp-block-heading\">3- Exclusi\u00f3n de garantias y responsabilidad<\/h2>\n\n\n\n<p>La prestadora se exime de cualquier tipo de responsabilidad derivada de la informaci\u00f3n publicada en nuestro sitio web, siempre que esta informaci\u00f3n haya sido manipulada o introducida por un tercero ajeno.<\/p>\n\n\n\n<p>Esta web ha sido revisada y probada para que funcione correctamente. En principio, se puede garantizar el correcto funcionamiento los 365 d\u00edas del a\u00f1o, 24 horas al d\u00eda. No obstante, la prestadora no descarta la posibilidad de que existan determinados errores de programaci\u00f3n, o que sucedan causas de fuerza mayor, cat\u00e1strofes naturales, huelgas, o circunstancias similares que hagan imposible el acceso a la p\u00e1gina web.<\/p>\n\n\n\n<p><strong>Gemma Duaso<\/strong> no otorga ninguna garant\u00eda ni se hace responsable, en ning\u00fan caso, de los da\u00f1os y perjuicios de cualquier naturaleza que puedan salir a colaci\u00f3n de la carencia de disponibilidad, mantenimiento y efectivo funcionamiento de la web o de sus servicios y contenidos; de la existencia de virus, programas maliciosos o lesivos en los contenidos; del uso il\u00edcito, negligente, fraudulento o contrario a este Aviso Legal y condiciones de uso; o de La falta de licitud, calidad, fiabilidad, utilidad y disponibilidad de los servicios prestados por terceros y puestos a disposici\u00f3n de los usuarios en el sitio web.<\/p>\n\n\n\n<p>La prestadora no se hace responsable bajo ning\u00fan concepto de los da\u00f1os que puedan dimanar del uso ilegal o indebido de la presente p\u00e1gina web.<\/p>\n\n\n\n<h2 class=\"wp-block-heading\">4- Cookies<\/h2>\n\n\n\n<p>El sitio web de la prestadora puede utilizar cookies (peque\u00f1os archivos de informaci\u00f3n que el servidor env\u00eda al ordenador de quien accede a la p\u00e1gina) para llevar a cabo determinadas funciones que son consideradas imprescindibles para el correcto funcionamiento y visualizaci\u00f3n del sitio. Las cookies utilizadas tienen, en todo caso, car\u00e1cter temporal, con el \u00fanico fin de hacer m\u00e1s eficaz la navegaci\u00f3n, desapareciendo al finalizar la sesi\u00f3n del usuario.<\/p>\n\n\n\n<p>En ning\u00fan caso se utilizar\u00e1n las cookies para recabar informaci\u00f3n de car\u00e1cter personal.<br>Para m\u00e1s informaci\u00f3n, consulte nuestra <a href=\"https:\/\/www.gemmaduaso.cat\/es\/politica-de-cookies\" target=\"_blank\" rel=\"noreferrer noopener\">Pol\u00edtica de Cookies<\/a>.<\/p>\n\n\n\n<h2 class=\"wp-block-heading\">5- Enlaces<\/h2>\n\n\n\n<p>Desde el sitio web es posible que se redirija a contenidos de terceros webs. Dado que desde la web no podemos controlar siempre los contenidos introducidos por los terceros, <strong>Gemma Duaso<\/strong> no asume ning\u00fan tipo de responsabilidad respecto a estos contenidos. En todo caso, la prestadora manifiesta que proceder\u00e1 a la retirada inmediata de cualquier contenido que pudiera contravenir la legislaci\u00f3n nacional o internacional, la moral o el orden p\u00fablico, procediendo a la retirada inmediata de la redirecci\u00f3n a estas webs, poniendo en conocimiento de las autoridades competentes el contenido en cuesti\u00f3n.<\/p>\n\n\n\n<p>La prestadora no se responsabiliza de la informaci\u00f3n y contenidos almacenados, a t\u00edtulo enunciativo pero no limitante, en foros, chats, generadores de blogs, comentarios, redes sociales o cualquier otro medio que permita a terceros publicar contenidos de forma independiente en la p\u00e1gina web de la prestadora. Sin embargo y en cumplimiento de lo dispuesto en el art. 11 y 16 de la LSSICE, la prestamista se pone a disposici\u00f3n de todos los usuarios, autoridades y fuerzas de seguridad, y colaborando de forma activa en la retirada o, cuando sea necesario, el bloqueo de todos aquellos contenidos que puedan afectar o contravenir la legislaci\u00f3n nacional, o internacional, derechos de terceros o la moral y el orden p\u00fablico. En caso de que el usuario considere que puede existir alg\u00fan contenido que pudiera ser susceptible de esta clasificaci\u00f3n, se ruega que lo notifique de forma inmediata al administrador del sitio web.<\/p>\n\n\n\n<h2 class=\"wp-block-heading\">6- Protecci\u00f3n de datos personales<\/h2>\n\n\n\n<p>La prestadora est\u00e1 profundamente comprometida con el cumplimiento de la normativa de protecci\u00f3n de datos personales y garantiza el cumplimiento \u00edntegro de las obligaciones dispuestas, as\u00ed como la implementaci\u00f3n de las medidas de seguridad dispuestas en el Reglamento Europeo de Protecci\u00f3n de datos y la normativa espa\u00f1ola de protecci\u00f3n de datos datos datos.<\/p>\n\n\n\n<p>Para m\u00e1s informaci\u00f3n, consulte nuestra <a href=\"https:\/\/www.gemmaduaso.cat\/es\/politica-de-privacidad\" target=\"_blank\" rel=\"noreferrer noopener\">Pol\u00edtica de Privacidad<\/a>.<\/p>\n\n\n\n<h2 class=\"wp-block-heading\">7- Redes sociales<\/h2>\n\n\n\n<p>Le informamos que <strong>Gemma Duaso<\/strong> puede estar presente en redes sociales. El tratamiento de los datos que los usuarios incluyan en \u00e9stas [haci\u00e9ndose seguidores de la prestadora en las redes sociales (y\/o realizando cualquier v\u00ednculo o acci\u00f3n de conexi\u00f3n a trav\u00e9s de \u00e9stas)] se regir\u00e1 por este apartado, as\u00ed como por las condiciones de uso, pol\u00edticas de privacidad y normativas de acceso y uso de las redes sociales en cuesti\u00f3n y previamente aceptadas por el usuario. <strong>Gemma Duaso<\/strong> tratar\u00e1 sus datos para informarle de las actividades, productos o servicios de la prestamista a trav\u00e9s de estas redes sociales, as\u00ed como para cualquier otra finalidad que las normativas de las Redes Sociales permitan pero no se har\u00e1 responsable pol\u00edticas de privacidad.<\/p>\n\n\n\n<p>Queda prohibida la publicaci\u00f3n de contenidos:<\/p>\n\n\n\n<p>\u2013 Que sean presuntamente il\u00edcitos por la normativa nacional, comunitaria o internacional o que realicen actividades presuntamente il\u00edcitas o contravengan los principios de la buena fe.<\/p>\n\n\n\n<p>\u2013 Que atenten contra los derechos fundamentales de las personas, falten a la cortes\u00eda en la red, molesten o puedan generar opiniones negativas en nuestros usuarios o terceros y en general cualesquiera sean los contenidos que <strong>Gemma Duaso<\/strong> considere no apropiados.<\/p>\n\n\n\n<p>\u2013 Y en general que contravengan los principios de legalidad, honradez, responsabilidad, protecci\u00f3n de la dignidad humana, protecci\u00f3n de menores, protecci\u00f3n del orden p\u00fablico, la protecci\u00f3n de la vida privada, la protecci\u00f3n del consumidor y los derechos de propiedad intelectual lectual e industrial.<\/p>\n\n\n\n<p>Asimismo, <strong>Gemma Duaso<\/strong> se reserva la potestad de retirar, sin previo aviso del sitio web o de la red social corporativa aquellos contenidos que se consideren no apropiados.<\/p>\n\n\n\n<h2 class=\"wp-block-heading\">8- Propiedad intelectual y industrial<\/h2>\n\n\n\n<p>El sitio web, incluyendo a t\u00edtulo enunciativo pero no limitativo la programaci\u00f3n, edici\u00f3n, compilaci\u00f3n y otros elementos necesarios para su funcionamiento, los dise\u00f1os, logotipos, textos, fotograf\u00edas y\/o gr\u00e1ficos son propiedad de la prestamista o, en caso de que fuera necesario , dispone de la licencia o autorizaci\u00f3n expresa por parte de los autores. Todos los contenidos del sitio web est\u00e1n debidamente protegidos por la normativa de propiedad intelectual e industrial.<br>Independientemente de la finalidad por la que fuesen destinados, la reproducci\u00f3n total o parcial, uso, distribuci\u00f3n y comunicaci\u00f3n p\u00fablica requieren la autorizaci\u00f3n escrita previa por parte de la prestamista. Cualquier uso no autorizado previamente por parte de la prestadora ser\u00e1 considerado un incumplimiento grave de los derechos de propiedad intelectual o industrial del autor.<\/p>\n\n\n\n<p>Los dise\u00f1os, logotipos, textos y\/o gr\u00e1ficos ajenos a la prestamista y que puedan aparecer en el sitio web, pertenecen a sus respectivos propietarios, siendo ellos mismos los responsables de cualquier posible controversia que pudiera acontecer respecto de \u00e9stos. En todo caso, la prestamista cuenta con la autorizaci\u00f3n expresa y previa por parte de los mismos.<br>La prestadora reconoce a favor de sus titulares los correspondientes derechos de propiedad industrial e intelectual, y no implica la menci\u00f3n o aparici\u00f3n en el sitio web, de la existencia de derechos o ninguna responsabilidad de la prestadora sobre \u00e9stos, como tampoco apoyo, patrocinio o recomendaci\u00f3n por parte del mismo.<\/p>\n\n\n\n<p>Para realizar cualquier tipo de observaci\u00f3n respecto a posibles incumplimientos de los derechos de propiedad intelectual o industrial, as\u00ed como sobre cualquiera de los contenidos del sitio web, puede hacerlo a trav\u00e9s del correo electr\u00f3nico arriba rese\u00f1ado.<\/p>\n\n\n\n<h2 class=\"wp-block-heading\">9- Ley aplicable y jurisdicci\u00f3n<\/h2>\n\n\n\n<p>Para la resoluci\u00f3n de las controversias o cuestiones relacionadas con esta p\u00e1gina web o de las actividades en la misma desarrolladas, ser\u00e1 de aplicaci\u00f3n la legislaci\u00f3n espa\u00f1ola, a la que se someten expresamente las partes, siendo competentes por la resoluci\u00f3n de todos los conflictos derivados o relacionados con su uso los Juzgados y Tribunales de Barcelona.<\/p>\n","protected":false},"excerpt":{"rendered":"<p>Para dar cumplimiento al art\u00edculo 10 de la Ley 34\/2002 de Servicios de la Sociedad de la Informaci\u00f3n y del Comercio Electr\u00f3nico, informamos a los usuarios de nuestros datos: Denominaci\u00f3n Social: Gemma Duaso Saludas Domicilio Social: Carrer Anselm Clav\u00e9, 9-11, 2n 1a 08401 Granollers CIF: Tel\u00e9fono: 686216169 E-Mail: gemmads@copc.cat Sitio Web: gemmaduaso.cat Datos Registrales: Actividad &hellip; <a href=\"https:\/\/gemmaduaso.cat\/es\/aviso-legal\/\" class=\"more-link\">Continue reading <span class=\"screen-reader-text\">Aviso legal y condiciones de uso del portal<\/span><\/a><\/p>\n","protected":false},"author":1,"featured_media":0,"parent":0,"menu_order":0,"comment_status":"closed","ping_status":"closed","template":"","meta":{"footnotes":""},"class_list":["post-8666","page","type-page","status-publish","hentry"],"aioseo_notices":[],"_links":{"self":[{"href":"https:\/\/gemmaduaso.cat\/es\/wp-json\/wp\/v2\/pages\/8666","targetHints":{"allow":["GET"]}}],"collection":[{"href":"https:\/\/gemmaduaso.cat\/es\/wp-json\/wp\/v2\/pages"}],"about":[{"href":"https:\/\/gemmaduaso.cat\/es\/wp-json\/wp\/v2\/types\/page"}],"author":[{"embeddable":true,"href":"https:\/\/gemmaduaso.cat\/es\/wp-json\/wp\/v2\/users\/1"}],"replies":[{"embeddable":true,"href":"https:\/\/gemmaduaso.cat\/es\/wp-json\/wp\/v2\/comments?post=8666"}],"version-history":[{"count":2,"href":"https:\/\/gemmaduaso.cat\/es\/wp-json\/wp\/v2\/pages\/8666\/revisions"}],"predecessor-version":[{"id":8820,"href":"https:\/\/gemmaduaso.cat\/es\/wp-json\/wp\/v2\/pages\/8666\/revisions\/8820"}],"wp:attachment":[{"href":"https:\/\/gemmaduaso.cat\/es\/wp-json\/wp\/v2\/media?parent=8666"}],"curies":[{"name":"wp","href":"https:\/\/api.w.org\/{rel}","templated":true}]}}