{"id":8582,"date":"2024-05-01T12:53:47","date_gmt":"2024-05-01T10:53:47","guid":{"rendered":"http:\/\/localhost\/gduaso\/terapies-de-grup\/"},"modified":"2024-05-02T15:46:26","modified_gmt":"2024-05-02T13:46:26","slug":"terapias-de-grupo","status":"publish","type":"page","link":"https:\/\/gemmaduaso.cat\/es\/terapias-de-grupo\/","title":{"rendered":"Terapias de grupo"},"content":{"rendered":"\t\t<div data-elementor-type=\"wp-page\" data-elementor-id=\"8582\" class=\"elementor elementor-8582 elementor-8475\">\n\t\t\t\t<div class=\"elementor-element elementor-element-28db887 e-flex e-con-boxed e-con e-parent\" data-id=\"28db887\" data-element_type=\"container\">\n\t\t\t\t\t<div class=\"e-con-inner\">\n\t\t\t\t<div class=\"elementor-element elementor-element-802f27a elementor-widget elementor-widget-heading\" data-id=\"802f27a\" data-element_type=\"widget\" data-widget_type=\"heading.default\">\n\t\t\t\t<div class=\"elementor-widget-container\">\n\t\t\t\t\t<h2 class=\"elementor-heading-title elementor-size-default\">Terapias de Grupo: Creciendo juntos<\/h2>\t\t\t\t<\/div>\n\t\t\t\t<\/div>\n\t\t\t\t<div class=\"elementor-element elementor-element-bad13e7 elementor-widget elementor-widget-text-editor\" data-id=\"bad13e7\" data-element_type=\"widget\" data-widget_type=\"text-editor.default\">\n\t\t\t\t<div class=\"elementor-widget-container\">\n\t\t\t\t\t\t\t\t\tLes terapias de grupo son sesiones terap\u00e9uticas donde diversos participantes se re\u00fanen en un mismo espacio f\u00edsico para abordar temas comunes y trabajar en sus retos emocionales.\t\t\t\t\t\t\t\t<\/div>\n\t\t\t\t<\/div>\n\t\t\t\t<div class=\"elementor-element elementor-element-186f22a tm-btn-color-darkgrey tm-btn-style-flat tm-btn-shape-square elementor-widget elementor-widget-button\" data-id=\"186f22a\" data-element_type=\"widget\" data-widget_type=\"button.default\">\n\t\t\t\t<div class=\"elementor-widget-container\">\n\t\t\t\t\t\t\t\t\t<div class=\"elementor-button-wrapper\">\n\t\t\t\t\t<a class=\"elementor-button elementor-button-link elementor-size-sm\" href=\"\/es\/servicio\/terapias-de-grupo\" target=\"_blank\">\n\t\t\t\t\t\t<span class=\"elementor-button-content-wrapper\">\n\t\t\t\t\t\t\t\t\t<span class=\"elementor-button-text\">Descubre m\u00e1s sobre la Terapia de grupo<\/span>\n\t\t\t\t\t<\/span>\n\t\t\t\t\t<\/a>\n\t\t\t\t<\/div>\n\t\t\t\t\t\t\t\t<\/div>\n\t\t\t\t<\/div>\n\t\t\t\t\t<\/div>\n\t\t\t\t<\/div>\n\t\t<div class=\"elementor-element elementor-element-af9edd0 e-flex e-con-boxed e-con e-parent\" data-id=\"af9edd0\" data-element_type=\"container\">\n\t\t\t\t\t<div class=\"e-con-inner\">\n\t\t\t\t<div class=\"elementor-element elementor-element-b33f8cb elementor-widget elementor-widget-heading\" data-id=\"b33f8cb\" data-element_type=\"widget\" id=\"terapies-grup\" data-widget_type=\"heading.default\">\n\t\t\t\t<div class=\"elementor-widget-container\">\n\t\t\t\t\t<h2 class=\"elementor-heading-title elementor-size-default\">Mis servicios de Terapias de grupo:<\/h2>\t\t\t\t<\/div>\n\t\t\t\t<\/div>\n\t\t\t\t\t<\/div>\n\t\t\t\t<\/div>\n\t\t<div class=\"elementor-element elementor-element-727e4af e-flex e-con-boxed e-con e-parent\" data-id=\"727e4af\" data-element_type=\"container\">\n\t\t\t\t\t<div class=\"e-con-inner\">\n\t\t<div class=\"elementor-element elementor-element-ad67166 e-con-full e-flex e-con e-child\" data-id=\"ad67166\" data-element_type=\"container\">\n\t\t\t\t<div class=\"elementor-element elementor-element-ad28a91 elementor-widget elementor-widget-image\" data-id=\"ad28a91\" data-element_type=\"widget\" data-widget_type=\"image.default\">\n\t\t\t\t<div class=\"elementor-widget-container\">\n\t\t\t\t\t\t\t\t\t\t\t\t\t\t\t<img fetchpriority=\"high\" decoding=\"async\" width=\"800\" height=\"600\" src=\"https:\/\/gemmaduaso.cat\/wp-content\/uploads\/2024\/05\/terapia-dones.webp\" class=\"elementor-animation-grow attachment-large size-large wp-image-8486\" alt=\"\" srcset=\"https:\/\/gemmaduaso.cat\/wp-content\/uploads\/2024\/05\/terapia-dones.webp 800w, https:\/\/gemmaduaso.cat\/wp-content\/uploads\/2024\/05\/terapia-dones-300x225.webp 300w, https:\/\/gemmaduaso.cat\/wp-content\/uploads\/2024\/05\/terapia-dones-768x576.webp 768w\" sizes=\"(max-width: 800px) 100vw, 800px\" data-id=\"8486\" \/>\t\t\t\t\t\t\t\t\t\t\t\t\t\t\t<\/div>\n\t\t\t\t<\/div>\n\t\t\t\t<div class=\"elementor-element elementor-element-767c990 elementor-widget elementor-widget-heading\" data-id=\"767c990\" data-element_type=\"widget\" data-widget_type=\"heading.default\">\n\t\t\t\t<div class=\"elementor-widget-container\">\n\t\t\t\t\t<h3 class=\"elementor-heading-title elementor-size-default\">Grupo de mujeres<\/h3>\t\t\t\t<\/div>\n\t\t\t\t<\/div>\n\t\t\t\t<div class=\"elementor-element elementor-element-0a8fe3e elementor-widget elementor-widget-text-editor\" data-id=\"0a8fe3e\" data-element_type=\"widget\" data-widget_type=\"text-editor.default\">\n\t\t\t\t<div class=\"elementor-widget-container\">\n\t\t\t\t\t\t\t\t\tEspacio de apoyo y crecimiento para mujeres, donde se fomenta la conexi\u00f3n, la expresi\u00f3n emocional y el aprendizaje de nuevas herramientas para afrontar los retos personales y profesionales de forma conjunta.\t\t\t\t\t\t\t\t<\/div>\n\t\t\t\t<\/div>\n\t\t\t\t<\/div>\n\t\t<div class=\"elementor-element elementor-element-4ebcaeb e-con-full e-flex e-con e-child\" data-id=\"4ebcaeb\" data-element_type=\"container\">\n\t\t\t\t<div class=\"elementor-element elementor-element-95f1e8b elementor-widget elementor-widget-image\" data-id=\"95f1e8b\" data-element_type=\"widget\" data-widget_type=\"image.default\">\n\t\t\t\t<div class=\"elementor-widget-container\">\n\t\t\t\t\t\t\t\t\t\t\t\t\t\t\t<img decoding=\"async\" width=\"800\" height=\"600\" src=\"https:\/\/gemmaduaso.cat\/wp-content\/uploads\/2024\/05\/dol.webp\" class=\"elementor-animation-grow attachment-large size-large wp-image-8489\" alt=\"\" srcset=\"https:\/\/gemmaduaso.cat\/wp-content\/uploads\/2024\/05\/dol.webp 800w, https:\/\/gemmaduaso.cat\/wp-content\/uploads\/2024\/05\/dol-300x225.webp 300w, https:\/\/gemmaduaso.cat\/wp-content\/uploads\/2024\/05\/dol-768x576.webp 768w\" sizes=\"(max-width: 800px) 100vw, 800px\" data-id=\"8489\" \/>\t\t\t\t\t\t\t\t\t\t\t\t\t\t\t<\/div>\n\t\t\t\t<\/div>\n\t\t\t\t<div class=\"elementor-element elementor-element-ef4bcd1 elementor-widget elementor-widget-heading\" data-id=\"ef4bcd1\" data-element_type=\"widget\" data-widget_type=\"heading.default\">\n\t\t\t\t<div class=\"elementor-widget-container\">\n\t\t\t\t\t<h3 class=\"elementor-heading-title elementor-size-default\">Grupo de duelo<\/h3>\t\t\t\t<\/div>\n\t\t\t\t<\/div>\n\t\t\t\t<div class=\"elementor-element elementor-element-3eefd9d elementor-widget elementor-widget-text-editor\" data-id=\"3eefd9d\" data-element_type=\"widget\" data-widget_type=\"text-editor.default\">\n\t\t\t\t<div class=\"elementor-widget-container\">\n\t\t\t\t\t\t\t\t\tUn entorno acogedor y comprensivo para aquellos que est\u00e1n pasando por un proceso de duelo, ofreciendo apoyo emocional, comprensi\u00f3n y recursos para ayudarle a navegar a trav\u00e9s de los diferentes aspectos de esta experiencia.\t\t\t\t\t\t\t\t<\/div>\n\t\t\t\t<\/div>\n\t\t\t\t<\/div>\n\t\t<div class=\"elementor-element elementor-element-be992e1 e-con-full e-flex e-con e-child\" data-id=\"be992e1\" data-element_type=\"container\">\n\t\t\t\t<div class=\"elementor-element elementor-element-9b9824c elementor-widget elementor-widget-image\" data-id=\"9b9824c\" data-element_type=\"widget\" data-widget_type=\"image.default\">\n\t\t\t\t<div class=\"elementor-widget-container\">\n\t\t\t\t\t\t\t\t\t\t\t\t\t\t\t<img decoding=\"async\" width=\"800\" height=\"600\" src=\"https:\/\/gemmaduaso.cat\/wp-content\/uploads\/2024\/05\/altres.webp\" class=\"elementor-animation-grow attachment-large size-large wp-image-8491\" alt=\"\" srcset=\"https:\/\/gemmaduaso.cat\/wp-content\/uploads\/2024\/05\/altres.webp 800w, https:\/\/gemmaduaso.cat\/wp-content\/uploads\/2024\/05\/altres-300x225.webp 300w, https:\/\/gemmaduaso.cat\/wp-content\/uploads\/2024\/05\/altres-768x576.webp 768w\" sizes=\"(max-width: 800px) 100vw, 800px\" data-id=\"8491\" \/>\t\t\t\t\t\t\t\t\t\t\t\t\t\t\t<\/div>\n\t\t\t\t<\/div>\n\t\t\t\t<div class=\"elementor-element elementor-element-8c75efd elementor-widget elementor-widget-heading\" data-id=\"8c75efd\" data-element_type=\"widget\" data-widget_type=\"heading.default\">\n\t\t\t\t<div class=\"elementor-widget-container\">\n\t\t\t\t\t<h3 class=\"elementor-heading-title elementor-size-default\">Otros<\/h3>\t\t\t\t<\/div>\n\t\t\t\t<\/div>\n\t\t\t\t<div class=\"elementor-element elementor-element-b483290 elementor-widget elementor-widget-text-editor\" data-id=\"b483290\" data-element_type=\"widget\" data-widget_type=\"text-editor.default\">\n\t\t\t\t<div class=\"elementor-widget-container\">\n\t\t\t\t\t\t\t\t\tUn espacio flexible y adaptado a las necesidades individuales, ofreciendo terapias de grupo espec\u00edficas para otras tem\u00e1ticas o poblaciones, brindando soporte emocional, crecimiento personal y conexi\u00f3n con otros miembros del grupo.\t\t\t\t\t\t\t\t<\/div>\n\t\t\t\t<\/div>\n\t\t\t\t<\/div>\n\t\t\t\t\t<\/div>\n\t\t\t\t<\/div>\n\t\t\t\t<\/div>\n\t\t","protected":false},"excerpt":{"rendered":"<p>Terapias de Grupo: Creciendo juntos Les terapias de grupo son sesiones terap\u00e9uticas donde diversos participantes se re\u00fanen en un mismo espacio f\u00edsico para abordar temas comunes y trabajar en sus retos emocionales. Descubre m\u00e1s sobre la Terapia de grupo Mis servicios de Terapias de grupo: Grupo de mujeres Espacio de apoyo y crecimiento para mujeres, &hellip; <a href=\"https:\/\/gemmaduaso.cat\/es\/terapias-de-grupo\/\" class=\"more-link\">Continue reading <span class=\"screen-reader-text\">Terapias de grupo<\/span><\/a><\/p>\n","protected":false},"author":1,"featured_media":0,"parent":0,"menu_order":0,"comment_status":"closed","ping_status":"closed","template":"","meta":{"footnotes":""},"class_list":["post-8582","page","type-page","status-publish","hentry"],"aioseo_notices":[],"_links":{"self":[{"href":"https:\/\/gemmaduaso.cat\/es\/wp-json\/wp\/v2\/pages\/8582","targetHints":{"allow":["GET"]}}],"collection":[{"href":"https:\/\/gemmaduaso.cat\/es\/wp-json\/wp\/v2\/pages"}],"about":[{"href":"https:\/\/gemmaduaso.cat\/es\/wp-json\/wp\/v2\/types\/page"}],"author":[{"embeddable":true,"href":"https:\/\/gemmaduaso.cat\/es\/wp-json\/wp\/v2\/users\/1"}],"replies":[{"embeddable":true,"href":"https:\/\/gemmaduaso.cat\/es\/wp-json\/wp\/v2\/comments?post=8582"}],"version-history":[{"count":8,"href":"https:\/\/gemmaduaso.cat\/es\/wp-json\/wp\/v2\/pages\/8582\/revisions"}],"predecessor-version":[{"id":8700,"href":"https:\/\/gemmaduaso.cat\/es\/wp-json\/wp\/v2\/pages\/8582\/revisions\/8700"}],"wp:attachment":[{"href":"https:\/\/gemmaduaso.cat\/es\/wp-json\/wp\/v2\/media?parent=8582"}],"curies":[{"name":"wp","href":"https:\/\/api.w.org\/{rel}","templated":true}]}}