{"id":8576,"date":"2024-04-30T19:15:55","date_gmt":"2024-04-30T17:15:55","guid":{"rendered":"http:\/\/localhost\/gduaso\/psicoterapia-individual\/"},"modified":"2024-05-02T12:54:38","modified_gmt":"2024-05-02T10:54:38","slug":"psicoterapia-individual","status":"publish","type":"page","link":"https:\/\/gemmaduaso.cat\/es\/psicoterapia-individual\/","title":{"rendered":"Psicoterapia individual"},"content":{"rendered":"\t\t<div data-elementor-type=\"wp-page\" data-elementor-id=\"8576\" class=\"elementor elementor-8576 elementor-8428\">\n\t\t\t\t<div class=\"elementor-element elementor-element-28db887 e-flex e-con-boxed e-con e-parent\" data-id=\"28db887\" data-element_type=\"container\">\n\t\t\t\t\t<div class=\"e-con-inner\">\n\t\t\t\t<div class=\"elementor-element elementor-element-802f27a elementor-widget elementor-widget-heading\" data-id=\"802f27a\" data-element_type=\"widget\" data-widget_type=\"heading.default\">\n\t\t\t\t<div class=\"elementor-widget-container\">\n\t\t\t\t\t<h2 class=\"elementor-heading-title elementor-size-default\">Ver Mis servicios de Psicoterapia Individual<\/h2>\t\t\t\t<\/div>\n\t\t\t\t<\/div>\n\t\t\t\t<div class=\"elementor-element elementor-element-bad13e7 elementor-widget elementor-widget-text-editor\" data-id=\"bad13e7\" data-element_type=\"widget\" data-widget_type=\"text-editor.default\">\n\t\t\t\t<div class=\"elementor-widget-container\">\n\t\t\t\t\t\t\t\t\tDescubre c\u00f3mo la psicoterapia individual puede ser una herramienta poderosa para el crecimiento personal y el bienestar emocional. Explora los beneficios \u00fanicos de trabajar uno a uno con un terapeuta calificado, ofreciendo un espacio seguro y de apoyo para abordar retos emocionales y encontrar soluciones efectivas.\t\t\t\t\t\t\t\t<\/div>\n\t\t\t\t<\/div>\n\t\t\t\t<div class=\"elementor-element elementor-element-186f22a tm-btn-color-darkgrey tm-btn-style-flat tm-btn-shape-square elementor-widget elementor-widget-button\" data-id=\"186f22a\" data-element_type=\"widget\" data-widget_type=\"button.default\">\n\t\t\t\t<div class=\"elementor-widget-container\">\n\t\t\t\t\t\t\t\t\t<div class=\"elementor-button-wrapper\">\n\t\t\t\t\t<a class=\"elementor-button elementor-button-link elementor-size-sm\" href=\"\/es\/servicio\/psicoterapia-individual\" target=\"_blank\">\n\t\t\t\t\t\t<span class=\"elementor-button-content-wrapper\">\n\t\t\t\t\t\t\t\t\t<span class=\"elementor-button-text\">Descubre m\u00e1s sobre la Psicoterapia Individual<\/span>\n\t\t\t\t\t<\/span>\n\t\t\t\t\t<\/a>\n\t\t\t\t<\/div>\n\t\t\t\t\t\t\t\t<\/div>\n\t\t\t\t<\/div>\n\t\t\t\t\t<\/div>\n\t\t\t\t<\/div>\n\t\t<div class=\"elementor-element elementor-element-af9edd0 e-flex e-con-boxed e-con e-parent\" data-id=\"af9edd0\" data-element_type=\"container\">\n\t\t\t\t\t<div class=\"e-con-inner\">\n\t\t\t\t<div class=\"elementor-element elementor-element-b33f8cb elementor-widget elementor-widget-heading\" data-id=\"b33f8cb\" data-element_type=\"widget\" id=\"psicoterapia-individual\" data-widget_type=\"heading.default\">\n\t\t\t\t<div class=\"elementor-widget-container\">\n\t\t\t\t\t<h2 class=\"elementor-heading-title elementor-size-default\">Mis servicios de Psicoterapia individual:<\/h2>\t\t\t\t<\/div>\n\t\t\t\t<\/div>\n\t\t\t\t\t<\/div>\n\t\t\t\t<\/div>\n\t\t<div class=\"elementor-element elementor-element-727e4af e-flex e-con-boxed e-con e-parent\" data-id=\"727e4af\" data-element_type=\"container\">\n\t\t\t\t\t<div class=\"e-con-inner\">\n\t\t<div class=\"elementor-element elementor-element-ad67166 e-con-full e-flex e-con e-child\" data-id=\"ad67166\" data-element_type=\"container\">\n\t\t\t\t<div class=\"elementor-element elementor-element-ad28a91 elementor-widget elementor-widget-image\" data-id=\"ad28a91\" data-element_type=\"widget\" data-widget_type=\"image.default\">\n\t\t\t\t<div class=\"elementor-widget-container\">\n\t\t\t\t\t\t\t\t\t\t\t\t\t\t\t<img fetchpriority=\"high\" decoding=\"async\" width=\"800\" height=\"600\" src=\"https:\/\/gemmaduaso.cat\/wp-content\/uploads\/2024\/04\/infantil.webp\" class=\"elementor-animation-grow attachment-large size-large wp-image-8435\" alt=\"\" srcset=\"https:\/\/gemmaduaso.cat\/wp-content\/uploads\/2024\/04\/infantil.webp 800w, https:\/\/gemmaduaso.cat\/wp-content\/uploads\/2024\/04\/infantil-300x225.webp 300w, https:\/\/gemmaduaso.cat\/wp-content\/uploads\/2024\/04\/infantil-768x576.webp 768w\" sizes=\"(max-width: 800px) 100vw, 800px\" data-id=\"8435\" \/>\t\t\t\t\t\t\t\t\t\t\t\t\t\t\t<\/div>\n\t\t\t\t<\/div>\n\t\t\t\t<div class=\"elementor-element elementor-element-767c990 elementor-widget elementor-widget-heading\" data-id=\"767c990\" data-element_type=\"widget\" data-widget_type=\"heading.default\">\n\t\t\t\t<div class=\"elementor-widget-container\">\n\t\t\t\t\t<h3 class=\"elementor-heading-title elementor-size-default\">Psicoterapia infantil<\/h3>\t\t\t\t<\/div>\n\t\t\t\t<\/div>\n\t\t\t\t<div class=\"elementor-element elementor-element-e866f76 elementor-widget elementor-widget-text-editor\" data-id=\"e866f76\" data-element_type=\"widget\" data-widget_type=\"text-editor.default\">\n\t\t\t\t<div class=\"elementor-widget-container\">\n\t\t\t\t\t\t\t\t\t<strong>(de 4 a 12 a\u00f1os)<\/strong>\t\t\t\t\t\t\t\t<\/div>\n\t\t\t\t<\/div>\n\t\t\t\t<div class=\"elementor-element elementor-element-0a8fe3e elementor-widget elementor-widget-text-editor\" data-id=\"0a8fe3e\" data-element_type=\"widget\" data-widget_type=\"text-editor.default\">\n\t\t\t\t<div class=\"elementor-widget-container\">\n\t\t\t\t\t\t\t\t\tEspacio seguro para que los ni\u00f1os expresen emociones y desarrollen habilidades para afrontar los retos de su edad.\t\t\t\t\t\t\t\t<\/div>\n\t\t\t\t<\/div>\n\t\t\t\t<div class=\"elementor-element elementor-element-6edaa81 elementor-widget elementor-widget-heading\" data-id=\"6edaa81\" data-element_type=\"widget\" data-widget_type=\"heading.default\">\n\t\t\t\t<div class=\"elementor-widget-container\">\n\t\t\t\t\t<h3 class=\"elementor-heading-title elementor-size-default\">Puntos clave:<\/h3>\t\t\t\t<\/div>\n\t\t\t\t<\/div>\n\t\t\t\t<div class=\"elementor-element elementor-element-3c91b37 elementor-widget elementor-widget-text-editor\" data-id=\"3c91b37\" data-element_type=\"widget\" data-widget_type=\"text-editor.default\">\n\t\t\t\t<div class=\"elementor-widget-container\">\n\t\t\t\t\t\t\t\t\t  <li>Sentirse responsable de la separaci\u00f3n de los progenitores<\/li>\n  <li>TEA (trastorno del espectro autista)<\/li>\n  <li>TDAH (trastorno de d\u00e9ficit de atenci\u00f3n con hiperactividad)<\/li>\n\t\t\t\t\t\t\t\t<\/div>\n\t\t\t\t<\/div>\n\t\t\t\t<\/div>\n\t\t<div class=\"elementor-element elementor-element-4ebcaeb e-con-full e-flex e-con e-child\" data-id=\"4ebcaeb\" data-element_type=\"container\">\n\t\t\t\t<div class=\"elementor-element elementor-element-95f1e8b elementor-widget elementor-widget-image\" data-id=\"95f1e8b\" data-element_type=\"widget\" data-widget_type=\"image.default\">\n\t\t\t\t<div class=\"elementor-widget-container\">\n\t\t\t\t\t\t\t\t\t\t\t\t\t\t\t<img decoding=\"async\" width=\"800\" height=\"600\" src=\"https:\/\/gemmaduaso.cat\/wp-content\/uploads\/2024\/04\/adolescent.webp\" class=\"elementor-animation-grow attachment-large size-large wp-image-8437\" alt=\"\" srcset=\"https:\/\/gemmaduaso.cat\/wp-content\/uploads\/2024\/04\/adolescent.webp 800w, https:\/\/gemmaduaso.cat\/wp-content\/uploads\/2024\/04\/adolescent-300x225.webp 300w, https:\/\/gemmaduaso.cat\/wp-content\/uploads\/2024\/04\/adolescent-768x576.webp 768w\" sizes=\"(max-width: 800px) 100vw, 800px\" data-id=\"8437\" \/>\t\t\t\t\t\t\t\t\t\t\t\t\t\t\t<\/div>\n\t\t\t\t<\/div>\n\t\t\t\t<div class=\"elementor-element elementor-element-ef4bcd1 elementor-widget elementor-widget-heading\" data-id=\"ef4bcd1\" data-element_type=\"widget\" data-widget_type=\"heading.default\">\n\t\t\t\t<div class=\"elementor-widget-container\">\n\t\t\t\t\t<h3 class=\"elementor-heading-title elementor-size-default\">Psicoterapia para adolescentes<\/h3>\t\t\t\t<\/div>\n\t\t\t\t<\/div>\n\t\t\t\t<div class=\"elementor-element elementor-element-b8fb636 elementor-widget elementor-widget-text-editor\" data-id=\"b8fb636\" data-element_type=\"widget\" data-widget_type=\"text-editor.default\">\n\t\t\t\t<div class=\"elementor-widget-container\">\n\t\t\t\t\t\t\t\t\t<strong>(12 a 18 a\u00f1os)<\/strong>\t\t\t\t\t\t\t\t<\/div>\n\t\t\t\t<\/div>\n\t\t\t\t<div class=\"elementor-element elementor-element-3eefd9d elementor-widget elementor-widget-text-editor\" data-id=\"3eefd9d\" data-element_type=\"widget\" data-widget_type=\"text-editor.default\">\n\t\t\t\t<div class=\"elementor-widget-container\">\n\t\t\t\t\t\t\t\t\tAcompa\u00f1amiento personalizado para j\u00f3venes, ayud\u00e1ndoles a gestionar el estr\u00e9s y las relaciones propias de la adolescencia.\t\t\t\t\t\t\t\t<\/div>\n\t\t\t\t<\/div>\n\t\t\t\t<div class=\"elementor-element elementor-element-036c309 elementor-widget elementor-widget-heading\" data-id=\"036c309\" data-element_type=\"widget\" data-widget_type=\"heading.default\">\n\t\t\t\t<div class=\"elementor-widget-container\">\n\t\t\t\t\t<h3 class=\"elementor-heading-title elementor-size-default\">Puntos clave:<\/h3>\t\t\t\t<\/div>\n\t\t\t\t<\/div>\n\t\t\t\t<div class=\"elementor-element elementor-element-9fe151f elementor-widget elementor-widget-text-editor\" data-id=\"9fe151f\" data-element_type=\"widget\" data-widget_type=\"text-editor.default\">\n\t\t\t\t<div class=\"elementor-widget-container\">\n\t\t\t\t\t\t\t\t\t  <li>Problemas emocionales (inseguridades, miedos,\u2026)<\/li>\n  <li>Diabetes (preocupaci\u00f3n por la salud, \u2026)<\/li>\t\t\t\t\t\t\t\t<\/div>\n\t\t\t\t<\/div>\n\t\t\t\t<\/div>\n\t\t<div class=\"elementor-element elementor-element-be992e1 e-con-full e-flex e-con e-child\" data-id=\"be992e1\" data-element_type=\"container\">\n\t\t\t\t<div class=\"elementor-element elementor-element-9b9824c elementor-widget elementor-widget-image\" data-id=\"9b9824c\" data-element_type=\"widget\" data-widget_type=\"image.default\">\n\t\t\t\t<div class=\"elementor-widget-container\">\n\t\t\t\t\t\t\t\t\t\t\t\t\t\t\t<img decoding=\"async\" width=\"800\" height=\"600\" src=\"https:\/\/gemmaduaso.cat\/wp-content\/uploads\/2024\/04\/adults.webp\" class=\"elementor-animation-grow attachment-large size-large wp-image-8439\" alt=\"\" srcset=\"https:\/\/gemmaduaso.cat\/wp-content\/uploads\/2024\/04\/adults.webp 800w, https:\/\/gemmaduaso.cat\/wp-content\/uploads\/2024\/04\/adults-300x225.webp 300w, https:\/\/gemmaduaso.cat\/wp-content\/uploads\/2024\/04\/adults-768x576.webp 768w\" sizes=\"(max-width: 800px) 100vw, 800px\" data-id=\"8439\" \/>\t\t\t\t\t\t\t\t\t\t\t\t\t\t\t<\/div>\n\t\t\t\t<\/div>\n\t\t\t\t<div class=\"elementor-element elementor-element-8c75efd elementor-widget elementor-widget-heading\" data-id=\"8c75efd\" data-element_type=\"widget\" data-widget_type=\"heading.default\">\n\t\t\t\t<div class=\"elementor-widget-container\">\n\t\t\t\t\t<h3 class=\"elementor-heading-title elementor-size-default\">Psicoterapia para adultos<\/h3>\t\t\t\t<\/div>\n\t\t\t\t<\/div>\n\t\t\t\t<div class=\"elementor-element elementor-element-b483290 elementor-widget elementor-widget-text-editor\" data-id=\"b483290\" data-element_type=\"widget\" data-widget_type=\"text-editor.default\">\n\t\t\t\t<div class=\"elementor-widget-container\">\n\t\t\t\t\t\t\t\t\tApoyo confidencial para adultos en la gesti\u00f3n de sus emociones y bienestar personal.\t\t\t\t\t\t\t\t<\/div>\n\t\t\t\t<\/div>\n\t\t\t\t<div class=\"elementor-element elementor-element-6b1ad83 elementor-widget elementor-widget-accordion\" data-id=\"6b1ad83\" data-element_type=\"widget\" data-widget_type=\"accordion.default\">\n\t\t\t\t<div class=\"elementor-widget-container\">\n\t\t\t\t\t\t\t<div class=\"elementor-accordion\">\n\t\t\t\t\t\t\t<div class=\"elementor-accordion-item\">\n\t\t\t\t\t<div id=\"elementor-tab-title-1121\" class=\"elementor-tab-title\" data-tab=\"1\" role=\"button\" aria-controls=\"elementor-tab-content-1121\" aria-expanded=\"false\">\n\t\t\t\t\t\t\t\t\t\t\t\t\t<span class=\"elementor-accordion-icon elementor-accordion-icon-right\" aria-hidden=\"true\">\n\t\t\t\t\t\t\t\t\t\t\t\t\t\t\t<span class=\"elementor-accordion-icon-closed\"><svg class=\"e-font-icon-svg e-fas-plus\" viewBox=\"0 0 448 512\" xmlns=\"http:\/\/www.w3.org\/2000\/svg\"><path d=\"M416 208H272V64c0-17.67-14.33-32-32-32h-32c-17.67 0-32 14.33-32 32v144H32c-17.67 0-32 14.33-32 32v32c0 17.67 14.33 32 32 32h144v144c0 17.67 14.33 32 32 32h32c17.67 0 32-14.33 32-32V304h144c17.67 0 32-14.33 32-32v-32c0-17.67-14.33-32-32-32z\"><\/path><\/svg><\/span>\n\t\t\t\t\t\t\t\t<span class=\"elementor-accordion-icon-opened\"><svg class=\"e-font-icon-svg e-fas-minus\" viewBox=\"0 0 448 512\" xmlns=\"http:\/\/www.w3.org\/2000\/svg\"><path d=\"M416 208H32c-17.67 0-32 14.33-32 32v32c0 17.67 14.33 32 32 32h384c17.67 0 32-14.33 32-32v-32c0-17.67-14.33-32-32-32z\"><\/path><\/svg><\/span>\n\t\t\t\t\t\t\t\t\t\t\t\t\t\t<\/span>\n\t\t\t\t\t\t\t\t\t\t\t\t<a class=\"elementor-accordion-title\" tabindex=\"0\">Puntos clave:<\/a>\n\t\t\t\t\t<\/div>\n\t\t\t\t\t<div id=\"elementor-tab-content-1121\" class=\"elementor-tab-content elementor-clearfix\" data-tab=\"1\" role=\"region\" aria-labelledby=\"elementor-tab-title-1121\">  <li>Dificultades en las relaciones familiares<\/li>\n  <li>Depresi\u00f3n<\/li>\n  <li>Dependencia emocional<\/li>\n  <li>Pensamientos obsesivos (darle muchas vueltas a las cosas)<\/li>\n  <li>Proceso de duelo (rotura de pareja)<\/li>\n  <li>Miedo a hablar en p\u00fablico<\/li>\n<\/div>\n\t\t\t\t<\/div>\n\t\t\t\t\t\t\t<div class=\"elementor-accordion-item\">\n\t\t\t\t\t<div id=\"elementor-tab-title-1122\" class=\"elementor-tab-title\" data-tab=\"2\" role=\"button\" aria-controls=\"elementor-tab-content-1122\" aria-expanded=\"false\">\n\t\t\t\t\t\t\t\t\t\t\t\t\t<span class=\"elementor-accordion-icon elementor-accordion-icon-right\" aria-hidden=\"true\">\n\t\t\t\t\t\t\t\t\t\t\t\t\t\t\t<span class=\"elementor-accordion-icon-closed\"><svg class=\"e-font-icon-svg e-fas-plus\" viewBox=\"0 0 448 512\" xmlns=\"http:\/\/www.w3.org\/2000\/svg\"><path d=\"M416 208H272V64c0-17.67-14.33-32-32-32h-32c-17.67 0-32 14.33-32 32v144H32c-17.67 0-32 14.33-32 32v32c0 17.67 14.33 32 32 32h144v144c0 17.67 14.33 32 32 32h32c17.67 0 32-14.33 32-32V304h144c17.67 0 32-14.33 32-32v-32c0-17.67-14.33-32-32-32z\"><\/path><\/svg><\/span>\n\t\t\t\t\t\t\t\t<span class=\"elementor-accordion-icon-opened\"><svg class=\"e-font-icon-svg e-fas-minus\" viewBox=\"0 0 448 512\" xmlns=\"http:\/\/www.w3.org\/2000\/svg\"><path d=\"M416 208H32c-17.67 0-32 14.33-32 32v32c0 17.67 14.33 32 32 32h384c17.67 0 32-14.33 32-32v-32c0-17.67-14.33-32-32-32z\"><\/path><\/svg><\/span>\n\t\t\t\t\t\t\t\t\t\t\t\t\t\t<\/span>\n\t\t\t\t\t\t\t\t\t\t\t\t<a class=\"elementor-accordion-title\" tabindex=\"0\">Otros puntos importantes:<\/a>\n\t\t\t\t\t<\/div>\n\t\t\t\t\t<div id=\"elementor-tab-content-1122\" class=\"elementor-tab-content elementor-clearfix\" data-tab=\"2\" role=\"region\" aria-labelledby=\"elementor-tab-title-1122\">\n  <li><strong>Trastornos de ansiedad y fobias<\/strong>: Angustias, crisis de ansiedad, estr\u00e9s, miedo a volar, en los espacios abiertos o cerrados,\u2026<\/li>\n  <li><strong>Sentimientos de vac\u00edo<\/strong>: tristeza, indecisi\u00f3n, desorientaci\u00f3n, baja autoestima, no encontrarse a gusto con uno mismo, sentirse fuera de lugar en el mundo\u2026<\/li>\n  <li><strong>Dificultades en las relaciones<\/strong>: de pareja e interpersonales<\/li>\n  <li><strong>Regulaci\u00f3n de emociones<\/strong>: poca tolerancia a la frustraci\u00f3n, dificultad al sentir y expresar emociones, dificultad para tolerar el sentimiento de culpa, \u2026<\/li>\n  <li><strong>Fibromialgia<\/strong><\/li>\n  <li><strong>Trastornos alimentarios<\/strong>: anorexia y bulimia<\/li>\n  <li>Crecimiento personal<\/li>\n<\/div>\n\t\t\t\t<\/div>\n\t\t\t\t\t\t\t\t<\/div>\n\t\t\t\t\t\t<\/div>\n\t\t\t\t<\/div>\n\t\t\t\t<\/div>\n\t\t<div class=\"elementor-element elementor-element-9f9fde3 e-con-full e-flex e-con e-child\" data-id=\"9f9fde3\" data-element_type=\"container\">\n\t\t\t\t<div class=\"elementor-element elementor-element-e0cacb5 elementor-widget elementor-widget-image\" data-id=\"e0cacb5\" data-element_type=\"widget\" data-widget_type=\"image.default\">\n\t\t\t\t<div class=\"elementor-widget-container\">\n\t\t\t\t\t\t\t\t\t\t\t\t\t\t\t<img loading=\"lazy\" decoding=\"async\" width=\"800\" height=\"600\" src=\"https:\/\/gemmaduaso.cat\/wp-content\/uploads\/2024\/04\/gent-gran.webp\" class=\"elementor-animation-grow attachment-large size-large wp-image-8441\" alt=\"\" srcset=\"https:\/\/gemmaduaso.cat\/wp-content\/uploads\/2024\/04\/gent-gran.webp 800w, https:\/\/gemmaduaso.cat\/wp-content\/uploads\/2024\/04\/gent-gran-300x225.webp 300w, https:\/\/gemmaduaso.cat\/wp-content\/uploads\/2024\/04\/gent-gran-768x576.webp 768w\" sizes=\"(max-width: 800px) 100vw, 800px\" data-id=\"8441\" \/>\t\t\t\t\t\t\t\t\t\t\t\t\t\t\t<\/div>\n\t\t\t\t<\/div>\n\t\t\t\t<div class=\"elementor-element elementor-element-68f5852 elementor-widget elementor-widget-heading\" data-id=\"68f5852\" data-element_type=\"widget\" data-widget_type=\"heading.default\">\n\t\t\t\t<div class=\"elementor-widget-container\">\n\t\t\t\t\t<h3 class=\"elementor-heading-title elementor-size-default\">Psicoterapia para personas mayores<\/h3>\t\t\t\t<\/div>\n\t\t\t\t<\/div>\n\t\t\t\t<div class=\"elementor-element elementor-element-5de20e0 elementor-widget elementor-widget-text-editor\" data-id=\"5de20e0\" data-element_type=\"widget\" data-widget_type=\"text-editor.default\">\n\t\t\t\t<div class=\"elementor-widget-container\">\n\t\t\t\t\t\t\t\t\tEspacio para reflexionar y explorar emociones, enfrentarse a cambios y encontrar significado. Ofreciendo soporte y herramientas para fomentar un bienestar emocional duradero.\t\t\t\t\t\t\t\t<\/div>\n\t\t\t\t<\/div>\n\t\t\t\t<\/div>\n\t\t\t\t\t<\/div>\n\t\t\t\t<\/div>\n\t\t\t\t<\/div>\n\t\t","protected":false},"excerpt":{"rendered":"<p>Ver Mis servicios de Psicoterapia Individual Descubre c\u00f3mo la psicoterapia individual puede ser una herramienta poderosa para el crecimiento personal y el bienestar emocional. Explora los beneficios \u00fanicos de trabajar uno a uno con un terapeuta calificado, ofreciendo un espacio seguro y de apoyo para abordar retos emocionales y encontrar soluciones efectivas. Descubre m\u00e1s sobre &hellip; <a href=\"https:\/\/gemmaduaso.cat\/es\/psicoterapia-individual\/\" class=\"more-link\">Continue reading <span class=\"screen-reader-text\">Psicoterapia individual<\/span><\/a><\/p>\n","protected":false},"author":1,"featured_media":0,"parent":0,"menu_order":0,"comment_status":"closed","ping_status":"closed","template":"","meta":{"footnotes":""},"class_list":["post-8576","page","type-page","status-publish","hentry"],"aioseo_notices":[],"_links":{"self":[{"href":"https:\/\/gemmaduaso.cat\/es\/wp-json\/wp\/v2\/pages\/8576","targetHints":{"allow":["GET"]}}],"collection":[{"href":"https:\/\/gemmaduaso.cat\/es\/wp-json\/wp\/v2\/pages"}],"about":[{"href":"https:\/\/gemmaduaso.cat\/es\/wp-json\/wp\/v2\/types\/page"}],"author":[{"embeddable":true,"href":"https:\/\/gemmaduaso.cat\/es\/wp-json\/wp\/v2\/users\/1"}],"replies":[{"embeddable":true,"href":"https:\/\/gemmaduaso.cat\/es\/wp-json\/wp\/v2\/comments?post=8576"}],"version-history":[{"count":4,"href":"https:\/\/gemmaduaso.cat\/es\/wp-json\/wp\/v2\/pages\/8576\/revisions"}],"predecessor-version":[{"id":8581,"href":"https:\/\/gemmaduaso.cat\/es\/wp-json\/wp\/v2\/pages\/8576\/revisions\/8581"}],"wp:attachment":[{"href":"https:\/\/gemmaduaso.cat\/es\/wp-json\/wp\/v2\/media?parent=8576"}],"curies":[{"name":"wp","href":"https:\/\/api.w.org\/{rel}","templated":true}]}}