{"id":8556,"date":"2023-05-01T08:49:35","date_gmt":"2023-05-01T06:49:35","guid":{"rendered":"http:\/\/localhost\/gduaso\/contacte\/"},"modified":"2024-05-30T14:28:50","modified_gmt":"2024-05-30T12:28:50","slug":"contacto","status":"publish","type":"page","link":"https:\/\/gemmaduaso.cat\/es\/contacto\/","title":{"rendered":"Contacto"},"content":{"rendered":"<h1>\n\t\t\t\tDetalles de <strong>contacto<\/strong><br \/>\n\t\t\t<\/h1>\n<p>\t\tPodr\u00e1s encontrarnos en las siguientes direcciones<br \/>\no localizarnos directamente a trav\u00e9s de nuestro n\u00famero de tel\u00e9fono:\t\t<\/p>\n<h2>\n\t\t\t\t\t\tDirecci\u00f3n Granollers<br \/>\n\t\t\t\t\t<\/h2>\n<p>\t\t\t\t\tCalle Anselm Clav\u00e9, 9-11, 2n 1a 08401 Granollers\t\t\t\t\t<\/p>\n<h2>\n\t\t\t\t\t\tTel\u00e9fono y E-mail<br \/>\n\t\t\t\t\t<\/h2>\n<p>\t\t\t\t\t<strong>Ll\u00e1mame al<\/strong>: <a href=\"tel:+34686236169\">+34.686.23.61.69<\/a><br \/>\n<strong>Contacta a<\/strong>: <a href=\"mailto:gemmads@copc.cat\">gemmads@copc.cat<\/a>\t\t\t\t\t<\/p>\n<h2>\n\t\t\t\t\t\tHorario<br \/>\n\t\t\t\t\t<\/h2>\n<p>\t\t\t\t\t<strong>De Lunes a Viernes<\/strong> \u2013 9:00h a 20:00h<br \/><strong>Sabado y Domingo<\/strong> \u2013 Cerrado<br \/>\nVisitas Concertadas\t\t\t\t\t<\/p>\n<h2>\n\t\t\t\t\t\tDirecci\u00f3n Barcelona<br \/>\n\t\t\t\t\t<\/h2>\n<p>\t\t\t\t\tPlaza Gal\u00b7la Placidia, n\u00fam. 10-12, 5nto 08006 Barcelona\t\t\t\t\t<\/p>\n<h2>\n\t\t\t\t\t\tTel\u00e8fon i E-mail<br \/>\n\t\t\t\t\t<\/h2>\n<p>\t\t\t\t\t<strong>Truca&#8217;m al<\/strong>: <a href=\"tel:+34.686.23.61.69\">+34.686.23.61.69<\/a><br \/>\n<strong>Contacta a<\/strong>: <a href=\"mailto:gemmads@copc.cat\">gemmads@copc.cat<\/a>\t\t\t\t\t<\/p>\n<h2>\n\t\t\t\t\t\tHorario<br \/>\n\t\t\t\t\t<\/h2>\n<p>\t\t\t\t\t<strong>De Lunes a Viernes<\/strong> \u2013 9:00h a 13:00h presencialmente<br \/>\n<strong>De Lunes a Viernes<\/strong> \u2013 9:00h a 20:00h online<br \/>\n<br \/>\n<strong>S\u00e1bado y Domingo<\/strong> \u2013 Cerrado<br \/>\n<br \/>\nVisitas Concertadas<br \/>\n\t\tEstoy aqu\u00ed para ayudarte a afrontar cualquier situaci\u00f3n que te preocupe.<br \/>\nSi necesitas asesoramiento profesional, no lo dudes.\t\t<\/p>\n<style>\/*! elementor - v3.21.0 - 08-05-2024 *\/\n.elementor-heading-title{padding:0;margin:0;line-height:1}.elementor-widget-heading .elementor-heading-title[class*=elementor-size-]>a{color:inherit;font-size:inherit;line-height:inherit}.elementor-widget-heading .elementor-heading-title.elementor-size-small{font-size:15px}.elementor-widget-heading .elementor-heading-title.elementor-size-medium{font-size:19px}.elementor-widget-heading .elementor-heading-title.elementor-size-large{font-size:29px}.elementor-widget-heading .elementor-heading-title.elementor-size-xl{font-size:39px}.elementor-widget-heading .elementor-heading-title.elementor-size-xxl{font-size:59px}<\/style>\n<h2>Formulario de <strong style=\"color:#007ea7\">contacto<\/strong><\/h2>\n<p>\t\tSi lo prefieres, puedes contactar conmigo a trav\u00e9s del siguiente formulario de contacto:\n<div class=\"wpcf7 no-js\" id=\"wpcf7-f8560-o1\" lang=\"en-US\" dir=\"ltr\" data-wpcf7-id=\"8560\">\n<div class=\"screen-reader-response\"><p role=\"status\" aria-live=\"polite\" aria-atomic=\"true\"><\/p> <ul><\/ul><\/div>\n<form action=\"\/es\/wp-json\/wp\/v2\/pages\/8556#wpcf7-f8560-o1\" method=\"post\" class=\"wpcf7-form init\" aria-label=\"Contact form\" novalidate=\"novalidate\" data-status=\"init\">\n<div style=\"display: none;\">\n<input type=\"hidden\" name=\"_wpcf7\" value=\"8560\" \/>\n<input type=\"hidden\" name=\"_wpcf7_version\" value=\"6.0.6\" \/>\n<input type=\"hidden\" name=\"_wpcf7_locale\" value=\"en_US\" \/>\n<input type=\"hidden\" name=\"_wpcf7_unit_tag\" value=\"wpcf7-f8560-o1\" \/>\n<input type=\"hidden\" name=\"_wpcf7_container_post\" value=\"0\" \/>\n<input type=\"hidden\" name=\"_wpcf7_posted_data_hash\" value=\"\" \/>\n<input type=\"hidden\" name=\"_wpcf7_recaptcha_response\" value=\"\" \/>\n<\/div>\n<div class=\"tm-commonform formstyle1\">\n\t<div class=\"row\">\n\t\t<div class=\"col-md-12\">\n\t\t\t<p><span class=\"wpcf7-form-control-wrap\" data-name=\"your-name\"><input size=\"40\" maxlength=\"400\" class=\"wpcf7-form-control wpcf7-text wpcf7-validates-as-required\" aria-required=\"true\" aria-invalid=\"false\" placeholder=\"Nombre :\" value=\"\" type=\"text\" name=\"your-name\" \/><\/span>\n\t\t\t<\/p>\n\t\t<\/div>\n\t<\/div>\n\t<div class=\"row\">\n\t\t<div class=\"col-md-12\">\n\t\t\t<p><span class=\"wpcf7-form-control-wrap\" data-name=\"your-email\"><input size=\"40\" maxlength=\"400\" class=\"wpcf7-form-control wpcf7-email wpcf7-validates-as-required wpcf7-text wpcf7-validates-as-email\" aria-required=\"true\" aria-invalid=\"false\" placeholder=\"Correo electr\u00f3nico :\" value=\"\" type=\"email\" name=\"your-email\" \/><\/span>\n\t\t\t<\/p>\n\t\t<\/div>\n\t<\/div>\n\t<div class=\"row\">\n\t\t<div class=\"col-md-12\">\n\t\t\t<p><span class=\"wpcf7-form-control-wrap\" data-name=\"telefon\"><input size=\"40\" maxlength=\"400\" class=\"wpcf7-form-control wpcf7-tel wpcf7-validates-as-required wpcf7-text wpcf7-validates-as-tel\" aria-required=\"true\" aria-invalid=\"false\" placeholder=\"Tel\u00e9fono :\" value=\"\" type=\"tel\" name=\"telefon\" \/><\/span>\n\t\t\t<\/p>\n\t\t<\/div>\n\t<\/div>\n\t<div class=\"row\">\n\t\t<div class=\"col-md-12\">\n\t\t\t<p><span class=\"wpcf7-form-control-wrap\" data-name=\"your-message\"><textarea cols=\"40\" rows=\"3\" maxlength=\"2000\" class=\"wpcf7-form-control wpcf7-textarea wpcf7-validates-as-required\" aria-required=\"true\" aria-invalid=\"false\" placeholder=\"Tu mensaje :\" name=\"your-message\"><\/textarea><\/span>\n\t\t\t<\/p>\n\t\t<\/div>\n\t<\/div>\n\t<p><span class=\"wpcf7-form-control-wrap\" data-name=\"acceptacio\"><span class=\"wpcf7-form-control wpcf7-acceptance optional\"><span class=\"wpcf7-list-item\"><label><input type=\"checkbox\" name=\"acceptacio\" value=\"1\" aria-invalid=\"false\" \/><span class=\"wpcf7-list-item-label\">He leido y accepto la <a href=\"\/es\/politica-privacidad\" target=\"_blank\">Pol\u00edtica de privacidad<\/a><\/span><\/label><\/span><\/span><\/span>\n\t<\/p>\n\t<p><input class=\"wpcf7-form-control wpcf7-submit has-spinner tm-vc_general tm-vc_btn3 tm-vc_btn3-style-flat tm-vc_btn3-shape-square tm-vc_btn3-color-skincolor\" type=\"submit\" value=\"Enviar\" \/>\n\t<div class=\"wpcf7-response-output\" aria-hidden=\"true\"><\/div>\n\t<\/p>\n<\/div><p style=\"display: none !important;\" class=\"akismet-fields-container\" data-prefix=\"_wpcf7_ak_\"><label>&#916;<textarea name=\"_wpcf7_ak_hp_textarea\" cols=\"45\" rows=\"8\" maxlength=\"100\"><\/textarea><\/label><input type=\"hidden\" id=\"ak_js_1\" name=\"_wpcf7_ak_js\" value=\"163\"\/><script>document.getElementById( \"ak_js_1\" ).setAttribute( \"value\", ( new Date() ).getTime() );<\/script><\/p>\n<\/form>\n<\/div>\n<\/p>\n","protected":false},"excerpt":{"rendered":"<p>Detalles de contacto Podr\u00e1s encontrarnos en las siguientes direcciones o localizarnos directamente a trav\u00e9s de nuestro n\u00famero de tel\u00e9fono: Direcci\u00f3n Granollers Calle Anselm Clav\u00e9, 9-11, 2n 1a 08401 Granollers Tel\u00e9fono y E-mail Ll\u00e1mame al: +34.686.23.61.69 Contacta a: gemmads@copc.cat Horario De Lunes a Viernes \u2013 9:00h a 20:00hSabado y Domingo \u2013 Cerrado Visitas Concertadas Direcci\u00f3n Barcelona &hellip; <a href=\"https:\/\/gemmaduaso.cat\/es\/contacto\/\" class=\"more-link\">Continue reading <span class=\"screen-reader-text\">Contacto<\/span><\/a><\/p>\n","protected":false},"author":1,"featured_media":0,"parent":0,"menu_order":0,"comment_status":"closed","ping_status":"closed","template":"","meta":{"footnotes":""},"class_list":["post-8556","page","type-page","status-publish","hentry"],"aioseo_notices":[],"_links":{"self":[{"href":"https:\/\/gemmaduaso.cat\/es\/wp-json\/wp\/v2\/pages\/8556","targetHints":{"allow":["GET"]}}],"collection":[{"href":"https:\/\/gemmaduaso.cat\/es\/wp-json\/wp\/v2\/pages"}],"about":[{"href":"https:\/\/gemmaduaso.cat\/es\/wp-json\/wp\/v2\/types\/page"}],"author":[{"embeddable":true,"href":"https:\/\/gemmaduaso.cat\/es\/wp-json\/wp\/v2\/users\/1"}],"replies":[{"embeddable":true,"href":"https:\/\/gemmaduaso.cat\/es\/wp-json\/wp\/v2\/comments?post=8556"}],"version-history":[{"count":3,"href":"https:\/\/gemmaduaso.cat\/es\/wp-json\/wp\/v2\/pages\/8556\/revisions"}],"predecessor-version":[{"id":8808,"href":"https:\/\/gemmaduaso.cat\/es\/wp-json\/wp\/v2\/pages\/8556\/revisions\/8808"}],"wp:attachment":[{"href":"https:\/\/gemmaduaso.cat\/es\/wp-json\/wp\/v2\/media?parent=8556"}],"curies":[{"name":"wp","href":"https:\/\/api.w.org\/{rel}","templated":true}]}}